{"id":24453,"date":"2021-02-04T13:56:13","date_gmt":"2021-02-04T13:56:13","guid":{"rendered":"https:\/\/abreuadvogados.com\/termos-e-condicoes\/"},"modified":"2021-11-04T14:53:23","modified_gmt":"2021-11-04T14:53:23","slug":"termos-e-condicoes","status":"publish","type":"page","link":"https:\/\/abreuadvogados.com\/es\/termos-e-condicoes\/","title":{"rendered":"T\u00e9rminos y Condiciones"},"content":{"rendered":"<p>Este\u00a0sitio web\u00a0tiene la finalidad de facilitar informaci\u00f3n general sobre Abreu Advogados y su actividad. Ning\u00fan contenido del\u00a0<em>sitio web<\/em>\u00a0puede considerarse como un medio de establecer relaciones de naturaleza profesional o para prestar servicios jur\u00eddicos, de cualquier naturaleza.<\/p>\n<p>Los usuarios de este\u00a0<em>sitio web<\/em>\u00a0no deben usar ni divulgar la informaci\u00f3n que este contiene sin consultar previamente a un abogado.<\/p>\n<p>Abreu Advogados no es responsable ante cualquier usuario de este\u00a0<em>sitio web<\/em>\u00a0de ning\u00fan da\u00f1o derivado del uso de la informaci\u00f3n que este contiene.<\/p>\n<p><em><strong>Enlaces<\/strong><\/em><strong>\u00a0a otros sitios web<\/strong><\/p>\n<p>Este\u00a0<em>sitio web<\/em>\u00a0contiene enlaces a otros sitios web de terceros. Estos\u00a0<em>enlaces<\/em>\u00a0se facilitan \u00fanicamente para conveniencia de los usuarios del\u00a0<em>sitio web<\/em>.<\/p>\n<p>Abreu Advogados no se responsabiliza por los contenidos de cualquier<em>\u00a0<\/em><em>sitio web\u00a0<\/em>de terceros cuyos enlaces se incluyan.<\/p>\n<p><strong><br \/>\nDerechos de propiedad intelectual<br \/>\n<\/strong><\/p>\n<p>El Usuario acepta que todo el contenido que consta en el\u00a0<em>sitio web<\/em>\u00a0est\u00e1 protegido por Derechos de Propiedad Intelectual.<\/p>\n<p>Cualquier texto, im\u00e1genes, marcas o logotipos que constan en el\u00a0<em>sitio web\u00a0<\/em>(en lo sucesivo denominados \u00abcontenidos del\u00a0<em>sitio web<\/em>\u00bb), con independencia de la forma en que se representan, son propiedad de Abreu Advogados, est\u00e1n registrados a favor de esta o fueron debidamente licenciados a su favor.<\/p>\n<p>Cualquier uso que implique la transmisi\u00f3n, publicaci\u00f3n, modificaci\u00f3n o copia de los contenidos del\u00a0<em>sitio web<\/em>\u00a0se encuentra sujeto a autorizaci\u00f3n previa por parte de Abreu Advogados.<\/p>\n<p>En ning\u00fan momento, salvo por manifestaci\u00f3n expresa, el acceso o uso del\u00a0<em>sitio web<\/em>\u00a0otorga al Usuario cualquier derecho sobre los contenidos del <em>sitio web<\/em>.<\/p>\n<p>&nbsp;<\/p>\n<p><strong>Tratamiento de Da\u00f1os Personales<\/strong><\/p>\n<p>La protecci\u00f3n de sus datos personales es importante para Abreu Advogados. Para obtener informaci\u00f3n m\u00e1s detallada sobre c\u00f3mo tratamos sus datos personales deber\u00e1 consultar nuestra\u00a0<a href=\"https:\/\/abreuadvogados.com\/recursos\/termos-e-condicoes\/\"><strong>Pol\u00edtica de Privacidad<\/strong><\/a>.<\/p>\n<p><strong>Cookies<\/strong><\/p>\n<p>El<em>\u00a0sitio web<\/em>\u00a0utiliza\u00a0<em>cookies<\/em>. Para obtener informaci\u00f3n m\u00e1s detallada sobre c\u00f3mo tratamos sus datos personales deber\u00e1 consultar nuestra\u00a0<a href=\"https:\/\/abreuadvogados.com\/recursos\/termos-e-condicoes\/\"><strong>Pol\u00edtica de\u00a0<\/strong><em><strong>Cookies<\/strong><\/em><\/a><strong>.<\/strong><\/p>\n<p><strong>Aceptaci\u00f3n de las condiciones de uso<\/strong><\/p>\n<p>Al utilizar este\u00a0<em>sitio web<\/em>, acepta estas Condiciones de Uso. Si modificamos estas Condiciones de Uso, la Pol\u00edtica de cookies o la Pol\u00edtica de Privacidad, esas alteraciones se publicar\u00e1n en este\u00a0<em>sitio web<\/em>.<\/p>\n<p>&nbsp;<\/p>\n<p>&nbsp;<\/p>\n","protected":false},"excerpt":{"rendered":"<p>Este\u00a0sitio web\u00a0tiene la finalidad de facilitar informaci\u00f3n general sobre Abreu Advogados y su actividad. Ning\u00fan contenido del\u00a0sitio web\u00a0puede considerarse como un medio de establecer relaciones de naturaleza profesional o para prestar servicios jur\u00eddicos, de cualquier naturaleza. Los usuarios de este\u00a0sitio web\u00a0no deben usar ni divulgar la informaci\u00f3n que este contiene sin consultar previamente a un [&hellip;]<\/p>\n","protected":false},"author":16,"featured_media":0,"parent":48637,"menu_order":1,"comment_status":"closed","ping_status":"closed","template":"templates\/template-recursos.php","meta":{"_acf_changed":false,"inline_featured_image":false,"footnotes":""},"class_list":["post-24453","page","type-page","status-publish","hentry"],"acf":[],"aioseo_notices":[],"publishpress_future_action":{"enabled":false,"date":"2026-05-13 07:55:31","action":"change-status","newStatus":"draft","terms":[],"taxonomy":"translation_priority","extraData":[]},"publishpress_future_workflow_manual_trigger":{"enabledWorkflows":[]},"_links":{"self":[{"href":"https:\/\/abreuadvogados.com\/es\/wp-json\/wp\/v2\/pages\/24453","targetHints":{"allow":["GET"]}}],"collection":[{"href":"https:\/\/abreuadvogados.com\/es\/wp-json\/wp\/v2\/pages"}],"about":[{"href":"https:\/\/abreuadvogados.com\/es\/wp-json\/wp\/v2\/types\/page"}],"author":[{"embeddable":true,"href":"https:\/\/abreuadvogados.com\/es\/wp-json\/wp\/v2\/users\/16"}],"replies":[{"embeddable":true,"href":"https:\/\/abreuadvogados.com\/es\/wp-json\/wp\/v2\/comments?post=24453"}],"version-history":[{"count":3,"href":"https:\/\/abreuadvogados.com\/es\/wp-json\/wp\/v2\/pages\/24453\/revisions"}],"predecessor-version":[{"id":25275,"href":"https:\/\/abreuadvogados.com\/es\/wp-json\/wp\/v2\/pages\/24453\/revisions\/25275"}],"up":[{"embeddable":true,"href":"https:\/\/abreuadvogados.com\/es\/wp-json\/wp\/v2\/pages\/48637"}],"wp:attachment":[{"href":"https:\/\/abreuadvogados.com\/es\/wp-json\/wp\/v2\/media?parent=24453"}],"curies":[{"name":"wp","href":"https:\/\/api.w.org\/{rel}","templated":true}]}}